{"id":23648,"date":"2022-05-03T17:05:59","date_gmt":"2022-05-04T00:05:59","guid":{"rendered":"https:\/\/genuscap.com\/?page_id=23648"},"modified":"2024-01-29T16:04:19","modified_gmt":"2024-01-30T00:04:19","slug":"third-party-policy","status":"publish","type":"page","link":"https:\/\/genuscap.com\/fr\/third-party-policy\/","title":{"rendered":"Politique \u00e0 l'\u00e9gard des tiers"},"content":{"rendered":"<div data-elementor-type=\"wp-page\" data-elementor-id=\"23648\" class=\"elementor elementor-23648\" data-elementor-post-type=\"page\">\n\t\t\t\t\t\t<section class=\"elementor-section elementor-top-section elementor-element elementor-element-d6aa00f elementor-section-boxed elementor-section-height-default elementor-section-height-default parallax_section_no qode_elementor_container_no\" data-id=\"d6aa00f\" data-element_type=\"section\" data-e-type=\"section\">\n\t\t\t\t\t\t<div class=\"elementor-container elementor-column-gap-default\">\n\t\t\t\t\t<div class=\"elementor-column elementor-col-100 elementor-top-column elementor-element elementor-element-9561558\" data-id=\"9561558\" data-element_type=\"column\" data-e-type=\"column\">\n\t\t\t<div class=\"elementor-widget-wrap elementor-element-populated\">\n\t\t\t\t\t\t<div class=\"elementor-element elementor-element-d472e12 elementor-widget elementor-widget-heading\" data-id=\"d472e12\" data-element_type=\"widget\" data-e-type=\"widget\" data-widget_type=\"heading.default\">\n\t\t\t\t<div class=\"elementor-widget-container\">\n\t\t\t\t\t<h1 class=\"elementor-heading-title elementor-size-default\">Politique \u00e0 l'\u00e9gard des tiers<\/h1>\t\t\t\t<\/div>\n\t\t\t\t<\/div>\n\t\t\t\t\t<\/div>\n\t\t<\/div>\n\t\t\t\t\t<\/div>\n\t\t<\/section>\n\t\t\t\t<section class=\"elementor-section elementor-top-section elementor-element elementor-element-1e724c7 elementor-section-boxed elementor-section-height-default elementor-section-height-default parallax_section_no qode_elementor_container_no\" data-id=\"1e724c7\" data-element_type=\"section\" data-e-type=\"section\">\n\t\t\t\t\t\t<div class=\"elementor-container elementor-column-gap-default\">\n\t\t\t\t\t<div class=\"elementor-column elementor-col-100 elementor-top-column elementor-element elementor-element-fe647dd\" data-id=\"fe647dd\" data-element_type=\"column\" data-e-type=\"column\">\n\t\t\t<div class=\"elementor-widget-wrap elementor-element-populated\">\n\t\t\t\t\t\t<div class=\"elementor-element elementor-element-2216a18 elementor-widget elementor-widget-text-editor\" data-id=\"2216a18\" data-element_type=\"widget\" data-e-type=\"widget\" data-widget_type=\"text-editor.default\">\n\t\t\t\t<div class=\"elementor-widget-container\">\n\t\t\t\t\t\t\t\t\t<p>Les documents publi\u00e9s sur ce site web ont \u00e9t\u00e9 pr\u00e9par\u00e9s \u00e0 des fins d'information g\u00e9n\u00e9rale uniquement et ne doivent pas \u00eatre consid\u00e9r\u00e9s comme un substitut \u00e0 des conseils professionnels sp\u00e9cifiques. En particulier, le contenu de ces documents ne doit pas \u00eatre interpr\u00e9t\u00e9 comme un conseil ou une recommandation de quelque nature que ce soit en mati\u00e8re d'investissement, de droit, de comptabilit\u00e9, de fiscalit\u00e9 ou autre, ni comme la base d'une d\u00e9cision de faire ou de s'abstenir de faire quoi que ce soit. En tant que tels, ils ne doivent pas servir de base \u00e0 des d\u00e9cisions d'investissement ou \u00e0 d'autres d\u00e9cisions financi\u00e8res et aucune d\u00e9cision de ce type ne doit \u00eatre prise sur la base de leur contenu sans demander un avis sp\u00e9cifique. Les documents publi\u00e9s sont bas\u00e9s sur les informations dont dispose Genus Capital Management \u00e0 la date de leur publication et ne tiennent pas compte des d\u00e9veloppements ult\u00e9rieurs \u00e0 cette date. En outre, les performances pass\u00e9es ne sont pas indicatives des r\u00e9sultats futurs. Genus s'est fi\u00e9 \u00e0 l'exactitude et \u00e0 l'exhaustivit\u00e9 de certaines donn\u00e9es et informations obtenues aupr\u00e8s de tiers. Les liens vers les sites web sont fournis pour des raisons de commodit\u00e9 et nous ne garantissons pas l'exactitude des informations et n'acceptons aucune responsabilit\u00e9 pour les informations publi\u00e9es sur leur site web.<\/p>\t\t\t\t\t\t\t\t<\/div>\n\t\t\t\t<\/div>\n\t\t\t\t\t<\/div>\n\t\t<\/div>\n\t\t\t\t\t<\/div>\n\t\t<\/section>\n\t\t\t\t<section class=\"elementor-section elementor-top-section elementor-element elementor-element-0c54740 elementor-section-stretched elementor-section-full_width custom-footer custom-footer-new elementor-reverse-tablet elementor-reverse-mobile elementor-section-height-default elementor-section-height-default parallax_section_no qode_elementor_container_no\" data-id=\"0c54740\" data-element_type=\"section\" data-e-type=\"section\" data-settings=\"{&quot;stretch_section&quot;:&quot;section-stretched&quot;,&quot;background_background&quot;:&quot;classic&quot;}\">\n\t\t\t\t\t\t<div class=\"elementor-container elementor-column-gap-narrow\">\n\t\t\t\t\t<div class=\"elementor-column elementor-col-33 elementor-top-column elementor-element elementor-element-95c9e12\" data-id=\"95c9e12\" data-element_type=\"column\" data-e-type=\"column\">\n\t\t\t<div class=\"elementor-widget-wrap elementor-element-populated\">\n\t\t\t\t\t\t<section class=\"elementor-section elementor-inner-section elementor-element elementor-element-607765f elementor-section-content-middle elementor-section-boxed elementor-section-height-default elementor-section-height-default parallax_section_no qode_elementor_container_no\" data-id=\"607765f\" data-element_type=\"section\" data-e-type=\"section\">\n\t\t\t\t\t\t<div class=\"elementor-container elementor-column-gap-default\">\n\t\t\t\t\t<div class=\"elementor-column elementor-col-100 elementor-inner-column elementor-element elementor-element-82b780e\" data-id=\"82b780e\" data-element_type=\"column\" data-e-type=\"column\">\n\t\t\t<div class=\"elementor-widget-wrap elementor-element-populated\">\n\t\t\t\t\t\t<div class=\"elementor-element elementor-element-057f71c elementor-widget elementor-widget-global elementor-global-1356 elementor-widget-text-editor\" data-id=\"057f71c\" data-element_type=\"widget\" data-e-type=\"widget\" data-widget_type=\"text-editor.default\">\n\t\t\t\t<div class=\"elementor-widget-container\">\n\t\t\t\t\t\t\t\t\t<ul class=\"logos\"><li><img decoding=\"async\" class=\"alignnone size-full wp-image-321\" src=\"https:\/\/genuscap.com\/wp-content\/uploads\/2021\/02\/genus_certified_b_corporation.png\" alt=\"\" width=\"68\" height=\"100\" \/><\/li><li><img decoding=\"async\" class=\"alignnone size-full wp-image-25596\" src=\"https:\/\/genuscap.com\/wp-content\/uploads\/2024\/01\/Mask-group-7-1.png\" alt=\"\" width=\"103\" height=\"33\" \/><\/li><li><img decoding=\"async\" class=\"alignnone size-full wp-image-322\" src=\"https:\/\/genuscap.com\/wp-content\/uploads\/2021\/02\/genus_principles_for_responsible_investment.png\" alt=\"\" width=\"120\" height=\"24\" \/><\/li><li><img loading=\"lazy\" decoding=\"async\" class=\"alignnone size-full wp-image-25595\" src=\"https:\/\/genuscap.com\/wp-content\/uploads\/2024\/01\/Certification-Badge_September-2023_Black-and-White-Version-2-1.png\" alt=\"\" width=\"59\" height=\"97\" \/><\/li><\/ul>\t\t\t\t\t\t\t\t<\/div>\n\t\t\t\t<\/div>\n\t\t\t\t\t<\/div>\n\t\t<\/div>\n\t\t\t\t\t<\/div>\n\t\t<\/section>\n\t\t\t\t<div class=\"elementor-element elementor-element-c705f68 copyright elementor-widget elementor-widget-global elementor-global-1338 elementor-widget-text-editor\" data-id=\"c705f68\" data-element_type=\"widget\" data-e-type=\"widget\" data-widget_type=\"text-editor.default\">\n\t\t\t\t<div class=\"elementor-widget-container\">\n\t\t\t\t\t\t\t\t\t<p><span class=\"blockUnder1024\"><span class=\"blockUnder767\">Copyright \u00a9 2024 Genus Capital Management Inc.<\/span> <span class=\"hideUnder767\">|<\/span> Tous droits r\u00e9serv\u00e9s<\/span><\/p><p><strong><a href=\"https:\/\/genuscap.com\/fr\/sitemap\/\">Plan du site<\/a> <\/strong>| <strong><a href=\"https:\/\/genuscap.com\/fr\/politique-de-confidentialite\/\">Politique de confidentialit\u00e9<\/a> <\/strong> <span class=\"hideUnder767\">| <a href=\"https:\/\/genuscap.com\/fr\/third-party-policy\/\"><strong>Politique \u00e0 l'\u00e9gard des tiers<\/strong><\/a><\/span> |\u00a0<span class=\"blockUnder767\"><strong><a href=\"https:\/\/genuscap.com\/fr\/investor-information\/\">Informations pour les investisseurs<\/a><\/strong>\u00a0| <a href=\"https:\/\/genuscap.com\/fr\/nous-contacter\/\"><strong>Nous contacter<\/strong><\/a> | <strong><a href=\"https:\/\/genuscap.com\/fr\/official-website-and-communications-notice\/\">Avis officiel<\/a><\/strong><\/span><\/p>\t\t\t\t\t\t\t\t<\/div>\n\t\t\t\t<\/div>\n\t\t\t\t\t<\/div>\n\t\t<\/div>\n\t\t\t\t<div class=\"elementor-column elementor-col-66 elementor-top-column elementor-element elementor-element-2a7c69d\" data-id=\"2a7c69d\" data-element_type=\"column\" data-e-type=\"column\">\n\t\t\t<div class=\"elementor-widget-wrap elementor-element-populated\">\n\t\t\t\t\t\t<div class=\"elementor-element elementor-element-97dd56f footer-contact elementor-widget__width-initial elementor-widget-mobile__width-initial elementor-widget elementor-widget-global elementor-global-1345 elementor-widget-text-editor\" data-id=\"97dd56f\" data-element_type=\"widget\" data-e-type=\"widget\" data-widget_type=\"text-editor.default\">\n\t\t\t\t<div class=\"elementor-widget-container\">\n\t\t\t\t\t\t\t\t\t<p><strong>GENUS CAPITAL MANAGEMENT INC.<\/strong><\/p><p class=\"custom\"><a href=\"tel:+18006687366\">+1-800-668-7366<\/a><\/p><p class=\"custom\"><a href=\"mailto:info@genuscap.com\">info@genuscap.com<\/a><\/p><p class=\"custom\" style=\"margin-top: 10px;\"><strong>BUREAU DE VANCOUVER<\/strong><\/p><p class=\"custom\"><a href=\"https:\/\/goo.gl\/maps\/iRXvSEH1CtX9cBAK7\" target=\"_blank\" rel=\"noopener\">860 - 980 Howe Street, Vancouver, BC, Canada, V6Z 0C8<\/a><\/p><p class=\"custom\" style=\"margin-top: 10px;\"><a href=\"https:\/\/genuscap.com\/fr\/torontos-values-based-investing-solution\/\"><strong>BUREAU DE TORONTO<\/strong><\/a><\/p><p class=\"custom\"><a href=\"https:\/\/maps.app.goo.gl\/j6tehy62AK7U5N1w8\" target=\"_blank\" rel=\"noopener\">181 University Ave 3rd Floor, Toronto, ON M5H 3M7<\/a><\/p>\t\t\t\t\t\t\t\t<\/div>\n\t\t\t\t<\/div>\n\t\t\t\t<section class=\"elementor-section elementor-inner-section elementor-element elementor-element-7af80f8 elementor-section-content-middle elementor-section-boxed elementor-section-height-default elementor-section-height-default parallax_section_no qode_elementor_container_no\" data-id=\"7af80f8\" data-element_type=\"section\" data-e-type=\"section\">\n\t\t\t\t\t\t<div class=\"elementor-container elementor-column-gap-default\">\n\t\t\t\t\t<div class=\"elementor-column elementor-col-100 elementor-inner-column elementor-element elementor-element-b26e42b\" data-id=\"b26e42b\" data-element_type=\"column\" data-e-type=\"column\">\n\t\t\t<div class=\"elementor-widget-wrap elementor-element-populated\">\n\t\t\t\t\t\t<div class=\"elementor-element elementor-element-3637b7f elementor-shape-circle e-grid-align-left e-grid-align-tablet-center elementor-grid-0 elementor-widget elementor-widget-global elementor-global-1353 elementor-widget-social-icons\" data-id=\"3637b7f\" data-element_type=\"widget\" data-e-type=\"widget\" data-widget_type=\"social-icons.default\">\n\t\t\t\t<div class=\"elementor-widget-container\">\n\t\t\t\t\t\t\t<div class=\"elementor-social-icons-wrapper elementor-grid\" role=\"list\">\n\t\t\t\t\t\t\t<span class=\"elementor-grid-item\" role=\"listitem\">\n\t\t\t\t\t<a class=\"elementor-icon elementor-social-icon elementor-social-icon-linkedin-in elementor-repeater-item-a7f98c8\" href=\"https:\/\/www.linkedin.com\/company\/genus-capital-management\/\" target=\"_blank\">\n\t\t\t\t\t\t<span class=\"elementor-screen-only\">Linkedin-in<\/span>\n\t\t\t\t\t\t<svg aria-hidden=\"true\" class=\"e-font-icon-svg e-fab-linkedin-in\" viewbox=\"0 0 448 512\" xmlns=\"http:\/\/www.w3.org\/2000\/svg\"><path d=\"M100.28 448H7.4V148.9h92.88zM53.79 108.1C24.09 108.1 0 83.5 0 53.8a53.79 53.79 0 0 1 107.58 0c0 29.7-24.1 54.3-53.79 54.3zM447.9 448h-92.68V302.4c0-34.7-.7-79.2-48.29-79.2-48.29 0-55.69 37.7-55.69 76.7V448h-92.78V148.9h89.08v40.8h1.3c12.4-23.5 42.69-48.3 87.88-48.3 94 0 111.28 61.9 111.28 142.3V448z\"><\/path><\/svg>\t\t\t\t\t<\/a>\n\t\t\t\t<\/span>\n\t\t\t\t\t\t\t<span class=\"elementor-grid-item\" role=\"listitem\">\n\t\t\t\t\t<a class=\"elementor-icon elementor-social-icon elementor-social-icon-instagram elementor-repeater-item-206d45d\" href=\"https:\/\/www.instagram.com\/genuscapital\/\" target=\"_blank\">\n\t\t\t\t\t\t<span class=\"elementor-screen-only\">Instagram<\/span>\n\t\t\t\t\t\t<svg aria-hidden=\"true\" class=\"e-font-icon-svg e-fab-instagram\" viewbox=\"0 0 448 512\" xmlns=\"http:\/\/www.w3.org\/2000\/svg\"><path d=\"M224.1 141c-63.6 0-114.9 51.3-114.9 114.9s51.3 114.9 114.9 114.9S339 319.5 339 255.9 287.7 141 224.1 141zm0 189.6c-41.1 0-74.7-33.5-74.7-74.7s33.5-74.7 74.7-74.7 74.7 33.5 74.7 74.7-33.6 74.7-74.7 74.7zm146.4-194.3c0 14.9-12 26.8-26.8 26.8-14.9 0-26.8-12-26.8-26.8s12-26.8 26.8-26.8 26.8 12 26.8 26.8zm76.1 27.2c-1.7-35.9-9.9-67.7-36.2-93.9-26.2-26.2-58-34.4-93.9-36.2-37-2.1-147.9-2.1-184.9 0-35.8 1.7-67.6 9.9-93.9 36.1s-34.4 58-36.2 93.9c-2.1 37-2.1 147.9 0 184.9 1.7 35.9 9.9 67.7 36.2 93.9s58 34.4 93.9 36.2c37 2.1 147.9 2.1 184.9 0 35.9-1.7 67.7-9.9 93.9-36.2 26.2-26.2 34.4-58 36.2-93.9 2.1-37 2.1-147.8 0-184.8zM398.8 388c-7.8 19.6-22.9 34.7-42.6 42.6-29.5 11.7-99.5 9-132.1 9s-102.7 2.6-132.1-9c-19.6-7.8-34.7-22.9-42.6-42.6-11.7-29.5-9-99.5-9-132.1s-2.6-102.7 9-132.1c7.8-19.6 22.9-34.7 42.6-42.6 29.5-11.7 99.5-9 132.1-9s102.7-2.6 132.1 9c19.6 7.8 34.7 22.9 42.6 42.6 11.7 29.5 9 99.5 9 132.1s2.7 102.7-9 132.1z\"><\/path><\/svg>\t\t\t\t\t<\/a>\n\t\t\t\t<\/span>\n\t\t\t\t\t\t\t<span class=\"elementor-grid-item\" role=\"listitem\">\n\t\t\t\t\t<a class=\"elementor-icon elementor-social-icon elementor-social-icon-icon-twitter-x elementor-repeater-item-39dc8bb\" href=\"https:\/\/twitter.com\/GenusCapMgt\" target=\"_blank\">\n\t\t\t\t\t\t<span class=\"elementor-screen-only\">Ic\u00f4ne-twitter-x<\/span>\n\t\t\t\t\t\t<i aria-hidden=\"true\" class=\"icon icon-twitter-x\"><\/i>\t\t\t\t\t<\/a>\n\t\t\t\t<\/span>\n\t\t\t\t\t\t\t<span class=\"elementor-grid-item\" role=\"listitem\">\n\t\t\t\t\t<a class=\"elementor-icon elementor-social-icon elementor-social-icon-facebook-f elementor-repeater-item-81c6890\" href=\"https:\/\/www.facebook.com\/GenusCap\/\" target=\"_blank\">\n\t\t\t\t\t\t<span class=\"elementor-screen-only\">Facebook-f<\/span>\n\t\t\t\t\t\t<svg aria-hidden=\"true\" class=\"e-font-icon-svg e-fab-facebook-f\" viewbox=\"0 0 320 512\" xmlns=\"http:\/\/www.w3.org\/2000\/svg\"><path d=\"M279.14 288l14.22-92.66h-88.91v-60.13c0-25.35 12.42-50.06 52.24-50.06h40.42V6.26S260.43 0 225.36 0c-73.22 0-121.08 44.38-121.08 124.72v70.62H22.89V288h81.39v224h100.17V288z\"><\/path><\/svg>\t\t\t\t\t<\/a>\n\t\t\t\t<\/span>\n\t\t\t\t\t\t\t<span class=\"elementor-grid-item\" role=\"listitem\">\n\t\t\t\t\t<a class=\"elementor-icon elementor-social-icon elementor-social-icon-youtube elementor-repeater-item-2e3efba\" href=\"https:\/\/www.youtube.com\/channel\/UCv-L-xC4xJD7V2Kyisle0uA\" target=\"_blank\">\n\t\t\t\t\t\t<span class=\"elementor-screen-only\">Youtube<\/span>\n\t\t\t\t\t\t<svg aria-hidden=\"true\" class=\"e-font-icon-svg e-fab-youtube\" viewbox=\"0 0 576 512\" xmlns=\"http:\/\/www.w3.org\/2000\/svg\"><path d=\"M549.655 124.083c-6.281-23.65-24.787-42.276-48.284-48.597C458.781 64 288 64 288 64S117.22 64 74.629 75.486c-23.497 6.322-42.003 24.947-48.284 48.597-11.412 42.867-11.412 132.305-11.412 132.305s0 89.438 11.412 132.305c6.281 23.65 24.787 41.5 48.284 47.821C117.22 448 288 448 288 448s170.78 0 213.371-11.486c23.497-6.321 42.003-24.171 48.284-47.821 11.412-42.867 11.412-132.305 11.412-132.305s0-89.438-11.412-132.305zm-317.51 213.508V175.185l142.739 81.205-142.739 81.201z\"><\/path><\/svg>\t\t\t\t\t<\/a>\n\t\t\t\t<\/span>\n\t\t\t\t\t<\/div>\n\t\t\t\t\t\t<\/div>\n\t\t\t\t<\/div>\n\t\t\t\t\t<\/div>\n\t\t<\/div>\n\t\t\t\t\t<\/div>\n\t\t<\/section>\n\t\t\t\t\t<\/div>\n\t\t<\/div>\n\t\t\t\t\t<\/div>\n\t\t<\/section>\n\t\t\t\t<\/div>","protected":false},"excerpt":{"rendered":"<p>Politique des tiers Les documents affich\u00e9s sur ce site web ont \u00e9t\u00e9 pr\u00e9par\u00e9s \u00e0 des fins d'information g\u00e9n\u00e9rale uniquement et ne doivent pas \u00eatre consid\u00e9r\u00e9s comme un substitut \u00e0 des conseils professionnels sp\u00e9cifiques. En particulier, le contenu de ces documents ne doit pas \u00eatre interpr\u00e9t\u00e9 comme la fourniture de conseils en mati\u00e8re d'investissement, de droit, de comptabilit\u00e9,...<\/p>","protected":false},"author":6,"featured_media":0,"parent":0,"menu_order":0,"comment_status":"closed","ping_status":"closed","template":"","meta":{"_acf_changed":false,"content-type":"","footnotes":""},"class_list":["post-23648","page","type-page","status-publish","hentry"],"acf":[],"yoast_head":"<!-- This site is optimized with the Yoast SEO Premium plugin v27.4 (Yoast SEO v27.4) - https:\/\/yoast.com\/product\/yoast-seo-premium-wordpress\/ -->\n<title>Third Party Policy - Genus<\/title>\n<meta name=\"description\" content=\"Third Party Policy Disclosure for Genus&#039; website. Genus relies upon accuracy and completeness of certain data obtained from third parties.\" \/>\n<meta name=\"robots\" content=\"index, follow, max-snippet:-1, max-image-preview:large, max-video-preview:-1\" \/>\n<link rel=\"canonical\" href=\"https:\/\/genuscap.com\/fr\/third-party-policy\/\" \/>\n<meta property=\"og:locale\" content=\"fr_CA\" \/>\n<meta property=\"og:type\" content=\"article\" \/>\n<meta property=\"og:title\" content=\"Third Party Policy\" \/>\n<meta property=\"og:description\" content=\"Third-Party Policy Materials posted on this website were prepared for general information purposes only and should not be considered a substitute for\" \/>\n<meta property=\"og:url\" content=\"https:\/\/genuscap.com\/fr\/third-party-policy\/\" \/>\n<meta property=\"og:site_name\" content=\"Genus\" \/>\n<meta property=\"article:publisher\" content=\"https:\/\/www.facebook.com\/GenusCap\" \/>\n<meta property=\"article:modified_time\" content=\"2024-01-30T00:04:19+00:00\" \/>\n<meta property=\"og:image\" content=\"https:\/\/genuscap.com\/wp-content\/uploads\/2021\/02\/genus_certified_b_corporation.png\" \/>\n<meta name=\"twitter:card\" content=\"summary_large_image\" \/>\n<meta name=\"twitter:site\" content=\"@GenusCapMgt\" \/>\n<meta name=\"twitter:label1\" content=\"Est. reading time\" \/>\n\t<meta name=\"twitter:data1\" content=\"2 minutes\" \/>\n<!-- \/ Yoast SEO Premium plugin. -->","yoast_head_json":{"title":"Politique \u00e0 l'\u00e9gard des tiers - Genus","description":"Divulgation de la politique relative aux tiers pour le site web de Genus. Genus s'appuie sur l'exactitude et l'exhaustivit\u00e9 de certaines donn\u00e9es obtenues aupr\u00e8s de tiers.","robots":{"index":"index","follow":"follow","max-snippet":"max-snippet:-1","max-image-preview":"max-image-preview:large","max-video-preview":"max-video-preview:-1"},"canonical":"https:\/\/genuscap.com\/fr\/third-party-policy\/","og_locale":"fr_CA","og_type":"article","og_title":"Third Party Policy","og_description":"Third-Party Policy Materials posted on this website were prepared for general information purposes only and should not be considered a substitute for","og_url":"https:\/\/genuscap.com\/fr\/third-party-policy\/","og_site_name":"Genus","article_publisher":"https:\/\/www.facebook.com\/GenusCap","article_modified_time":"2024-01-30T00:04:19+00:00","og_image":[{"url":"https:\/\/genuscap.com\/wp-content\/uploads\/2021\/02\/genus_certified_b_corporation.png","type":"","width":"","height":""}],"twitter_card":"summary_large_image","twitter_site":"@GenusCapMgt","twitter_misc":{"Est. reading time":"2 minutes"},"schema":{"@context":"https:\/\/schema.org","@graph":[]}},"_links":{"self":[{"href":"https:\/\/genuscap.com\/fr\/wp-json\/wp\/v2\/pages\/23648","targetHints":{"allow":["GET"]}}],"collection":[{"href":"https:\/\/genuscap.com\/fr\/wp-json\/wp\/v2\/pages"}],"about":[{"href":"https:\/\/genuscap.com\/fr\/wp-json\/wp\/v2\/types\/page"}],"author":[{"embeddable":true,"href":"https:\/\/genuscap.com\/fr\/wp-json\/wp\/v2\/users\/6"}],"replies":[{"embeddable":true,"href":"https:\/\/genuscap.com\/fr\/wp-json\/wp\/v2\/comments?post=23648"}],"version-history":[{"count":0,"href":"https:\/\/genuscap.com\/fr\/wp-json\/wp\/v2\/pages\/23648\/revisions"}],"wp:attachment":[{"href":"https:\/\/genuscap.com\/fr\/wp-json\/wp\/v2\/media?parent=23648"}],"curies":[{"name":"wp","href":"https:\/\/api.w.org\/{rel}","templated":true}]}}